{"id":98,"date":"2023-10-30T14:12:23","date_gmt":"2023-10-30T13:12:23","guid":{"rendered":"https:\/\/hebi.sk\/?page_id=98"},"modified":"2024-09-03T09:53:13","modified_gmt":"2024-09-03T07:53:13","slug":"priemyselne-cistenie-odpadovych-vod-do-100m3-den","status":"publish","type":"page","link":"https:\/\/hebi.sk\/?page_id=98","title":{"rendered":"PRIEMYSELN\u00c9 \u010cISTENIE ODPADOV\u00ddCH V\u00d4D DO 100m3\/de\u0148"},"content":{"rendered":"\n<p>ClearFox\u00ae pon\u00faka mno\u017estvo rie\u0161en\u00ed na \u010distenie men\u0161\u00edch priemyseln\u00fdch odpadov\u00fdch v\u00f4d od 10 do 100 m\u00b3\/de\u0148.&nbsp;N\u00e1\u0161 sortiment zah\u0155\u0148a \u0161tandardn\u00e9 produkty ako DAF, FBR a \u0161ikm\u00e9 \u010disti\u010de.&nbsp;Okrem toho vyv\u00edjame prisp\u00f4soben\u00e9 rie\u0161enia prisp\u00f4soben\u00e9 individu\u00e1lnym po\u017eiadavk\u00e1m projektu, pri\u010dom zabezpe\u010dujeme s\u00falad so \u0161pecifick\u00fdmi normami \u010distenia a krit\u00e9riami op\u00e4tovn\u00e9ho pou\u017eitia odpadov\u00fdch v\u00f4d.<\/p>\n\n\n\n<p><strong>Zdroje<\/strong><\/p>\n\n\n\n<p>Region\u00e1lni v\u00fdrobcovia potrav\u00edn a n\u00e1pojov, farmaceutick\u00e9 z\u00e1vody a \u010fal\u0161\u00ed \u0165a\u017ek\u00fd priemysel \u010dasto produkuj\u00fa priemyseln\u00e9 odpadov\u00e9 vody a\u017e do 100 m\u00b3\/de\u0148.&nbsp;V ka\u017edom odvetv\u00ed sa pracuje s vodou, \u010doho v\u00fdsledkom s\u00fa odpadov\u00e9 vody, ktor\u00e9 je potrebn\u00e9 \u010disti\u0165 bu\u010f na vypustenie do kanaliz\u00e1cie alebo na op\u00e4tovn\u00e9 pou\u017eitie.<\/p>\n\n\n\n<p><strong>Charakteristika<\/strong><\/p>\n\n\n\n<p>Ka\u017ed\u00fd pr\u00fad priemyseln\u00fdch odpadov\u00fdch v\u00f4d m\u00e1 svoje vlastn\u00e9 charakteristiky.&nbsp;Be\u017en\u00e9 kontaminanty zah\u0155\u0148aj\u00fa vysok\u00e9 hladiny BSK a CHSK, oleje, \u0165a\u017ek\u00e9 kovy, API a r\u00f4zne farmaceutick\u00e9 zl\u00fa\u010deniny.&nbsp;S ClearFox\u00ae profitujete z n\u00e1\u0161ho komplexn\u00e9ho radu procesn\u00fdch technol\u00f3gi\u00ed a produktov schopn\u00fdch odstra\u0148ova\u0165 ak\u00e9ko\u013evek zne\u010dis\u0165uj\u00face l\u00e1tky z priemyseln\u00fdch odpadov\u00fdch v\u00f4d. <\/p>\n\n\n\n<p><a href=\"https:\/\/hebi.sk\/?page_id=104\"><mark style=\"background-color:rgba(0, 0, 0, 0)\" class=\"has-inline-color has-primary-color\">Zisti\u0165 viac&#8230;<\/mark><\/a><\/p>\n\n\n\n<p><\/p>\n\n\n\n<p>Chceli by ste viac inform\u00e1ci\u00ed? H\u013ead\u00e1te dom\u00e1cu \u010disti\u010dku odpadov\u00fdch v\u00f4d a potrebujete \u010fal\u0161ie inform\u00e1cie?\u00a0Nev\u00e1hajte n\u00e1s kontaktova\u0165!\u00a0<\/p>\n\n\n\n<div class=\"wp-block-buttons is-layout-flex wp-block-buttons-is-layout-flex\">\n<div class=\"wp-block-button\"><a class=\"wp-block-button__link wp-element-button\" href=\"https:\/\/hebi.sk\/?page_id=136\"><strong>Kontaktn\u00fd formul\u00e1r<\/strong><\/a><\/div>\n<\/div>\n\n\n\n<p><\/p>\n","protected":false},"excerpt":{"rendered":"<p>ClearFox\u00ae pon\u00faka mno\u017estvo rie\u0161en\u00ed na \u010distenie men\u0161\u00edch priemyseln\u00fdch odpadov\u00fdch v\u00f4d od 10 do 100 m\u00b3\/de\u0148.&nbsp;N\u00e1\u0161 sortiment zah\u0155\u0148a \u0161tandardn\u00e9 produkty ako DAF, FBR a \u0161ikm\u00e9 \u010disti\u010de.&nbsp;Okrem toho vyv\u00edjame prisp\u00f4soben\u00e9 rie\u0161enia prisp\u00f4soben\u00e9 individu\u00e1lnym po\u017eiadavk\u00e1m projektu, pri\u010dom zabezpe\u010dujeme s\u00falad so \u0161pecifick\u00fdmi normami \u010distenia a krit\u00e9riami op\u00e4tovn\u00e9ho pou\u017eitia odpadov\u00fdch v\u00f4d. Zdroje Region\u00e1lni v\u00fdrobcovia potrav\u00edn a n\u00e1pojov, farmaceutick\u00e9 z\u00e1vody a [&hellip;]<\/p>\n","protected":false},"author":1,"featured_media":0,"parent":93,"menu_order":0,"comment_status":"closed","ping_status":"closed","template":"","meta":{"footnotes":""},"class_list":["post-98","page","type-page","status-publish","hentry"],"_links":{"self":[{"href":"https:\/\/hebi.sk\/index.php?rest_route=\/wp\/v2\/pages\/98","targetHints":{"allow":["GET"]}}],"collection":[{"href":"https:\/\/hebi.sk\/index.php?rest_route=\/wp\/v2\/pages"}],"about":[{"href":"https:\/\/hebi.sk\/index.php?rest_route=\/wp\/v2\/types\/page"}],"author":[{"embeddable":true,"href":"https:\/\/hebi.sk\/index.php?rest_route=\/wp\/v2\/users\/1"}],"replies":[{"embeddable":true,"href":"https:\/\/hebi.sk\/index.php?rest_route=%2Fwp%2Fv2%2Fcomments&post=98"}],"version-history":[{"count":4,"href":"https:\/\/hebi.sk\/index.php?rest_route=\/wp\/v2\/pages\/98\/revisions"}],"predecessor-version":[{"id":574,"href":"https:\/\/hebi.sk\/index.php?rest_route=\/wp\/v2\/pages\/98\/revisions\/574"}],"up":[{"embeddable":true,"href":"https:\/\/hebi.sk\/index.php?rest_route=\/wp\/v2\/pages\/93"}],"wp:attachment":[{"href":"https:\/\/hebi.sk\/index.php?rest_route=%2Fwp%2Fv2%2Fmedia&parent=98"}],"curies":[{"name":"wp","href":"https:\/\/api.w.org\/{rel}","templated":true}]}}