{"id":95,"date":"2023-10-30T14:11:04","date_gmt":"2023-10-30T13:11:04","guid":{"rendered":"https:\/\/hebi.sk\/?page_id=95"},"modified":"2024-09-03T09:48:41","modified_gmt":"2024-09-03T07:48:41","slug":"priemyselne-cistenie-odpadovych-vod-do-10m3-den","status":"publish","type":"page","link":"https:\/\/hebi.sk\/?page_id=95","title":{"rendered":"PRIEMYSELN\u00c9 \u010cISTENIE ODPADOV\u00ddCH V\u00d4D DO 10m3\/de\u0148"},"content":{"rendered":"\n<p>ClearFox\u00ae pon\u00faka cel\u00fd rad rie\u0161en\u00ed na \u010distenie men\u0161\u00edch tokov priemyseln\u00fdch odpadov\u00fdch v\u00f4d do 10 m\u00b3\/de\u0148.&nbsp;M\u00e1me rad \u0161tandardizovan\u00fdch produktov, ale tie\u017e vyv\u00edjame na mieru \u0161it\u00e9 a individu\u00e1lne rie\u0161enia pre ka\u017ed\u00fd projekt.<\/p>\n\n\n\n<p><strong>Zdroje<\/strong><\/p>\n\n\n\n<p>Men\u0161ie prietoky priemyseln\u00fdch odpadov\u00fdch v\u00f4d 1 a\u017e 10 m\u00b3\/de\u0148 poch\u00e1dzaj\u00fa z mal\u00fdch prev\u00e1dzok, ako s\u00fa minipivovary a mal\u00ed nez\u00e1visl\u00ed v\u00fdrobcovia potrav\u00edn a n\u00e1pojov.&nbsp;Ale aj \u0165a\u017ek\u00fd priemysel produkuje mal\u00e9, ale silne zne\u010disten\u00e9 odpadov\u00e9 vody \u2013 rovnako ako farmaceutick\u00fd priemysel.<\/p>\n\n\n\n<p><strong>Charakteristika<\/strong><\/p>\n\n\n\n<p>Charakteristiky jednotliv\u00fdch priemyseln\u00fdch odpadov\u00fdch v\u00f4d s\u00fa ve\u013emi rozdielne.&nbsp;Niektor\u00e9 pr\u00edklady zne\u010dis\u0165uj\u00facich l\u00e1tok v priemyseln\u00fdch odpadov\u00fdch vod\u00e1ch zah\u0155\u0148aj\u00fa vysok\u00e9 BSK a CHSK, ropu, \u0165a\u017ek\u00e9 kovy, API a in\u00e9 farmaceutick\u00e9 zl\u00fa\u010deniny.&nbsp;V\u00fdhodou pr\u00e1ce s ClearFox\u00ae je, \u017ee m\u00e1me komplexn\u00fd rad procesn\u00fdch technol\u00f3gi\u00ed a produktov, ktor\u00e9 dok\u00e1\u017eu odstr\u00e1ni\u0165 v\u0161etky druhy zne\u010dis\u0165uj\u00facich l\u00e1tok z priemyseln\u00fdch odpadov\u00fdch v\u00f4d. <\/p>\n\n\n\n<p><a href=\"https:\/\/hebi.sk\/?page_id=104\" data-type=\"link\" data-id=\"https:\/\/hebi.sk\/?page_id=104\"><mark style=\"background-color:rgba(0, 0, 0, 0)\" class=\"has-inline-color has-primary-color\">Zisti\u0165 viac&#8230;<\/mark><\/a><\/p>\n\n\n\n<p>Chceli by ste viac inform\u00e1ci\u00ed?H\u013ead\u00e1te dom\u00e1cu \u010disti\u010dku odpadov\u00fdch v\u00f4d a potrebujete \u010fal\u0161ie inform\u00e1cie?\u00a0Nev\u00e1hajte n\u00e1s kontaktova\u0165!\u00a0<\/p>\n\n\n\n<div class=\"wp-block-buttons is-layout-flex wp-block-buttons-is-layout-flex\">\n<div class=\"wp-block-button\"><a class=\"wp-block-button__link wp-element-button\" href=\"https:\/\/hebi.sk\/?page_id=136\">Kontaktn\u00fd formul\u00e1r<\/a><\/div>\n<\/div>\n\n\n\n<p><\/p>\n","protected":false},"excerpt":{"rendered":"<p>ClearFox\u00ae pon\u00faka cel\u00fd rad rie\u0161en\u00ed na \u010distenie men\u0161\u00edch tokov priemyseln\u00fdch odpadov\u00fdch v\u00f4d do 10 m\u00b3\/de\u0148.&nbsp;M\u00e1me rad \u0161tandardizovan\u00fdch produktov, ale tie\u017e vyv\u00edjame na mieru \u0161it\u00e9 a individu\u00e1lne rie\u0161enia pre ka\u017ed\u00fd projekt. Zdroje Men\u0161ie prietoky priemyseln\u00fdch odpadov\u00fdch v\u00f4d 1 a\u017e 10 m\u00b3\/de\u0148 poch\u00e1dzaj\u00fa z mal\u00fdch prev\u00e1dzok, ako s\u00fa minipivovary a mal\u00ed nez\u00e1visl\u00ed v\u00fdrobcovia potrav\u00edn a n\u00e1pojov.&nbsp;Ale aj [&hellip;]<\/p>\n","protected":false},"author":1,"featured_media":0,"parent":93,"menu_order":0,"comment_status":"closed","ping_status":"closed","template":"","meta":{"footnotes":""},"class_list":["post-95","page","type-page","status-publish","hentry"],"_links":{"self":[{"href":"https:\/\/hebi.sk\/index.php?rest_route=\/wp\/v2\/pages\/95","targetHints":{"allow":["GET"]}}],"collection":[{"href":"https:\/\/hebi.sk\/index.php?rest_route=\/wp\/v2\/pages"}],"about":[{"href":"https:\/\/hebi.sk\/index.php?rest_route=\/wp\/v2\/types\/page"}],"author":[{"embeddable":true,"href":"https:\/\/hebi.sk\/index.php?rest_route=\/wp\/v2\/users\/1"}],"replies":[{"embeddable":true,"href":"https:\/\/hebi.sk\/index.php?rest_route=%2Fwp%2Fv2%2Fcomments&post=95"}],"version-history":[{"count":10,"href":"https:\/\/hebi.sk\/index.php?rest_route=\/wp\/v2\/pages\/95\/revisions"}],"predecessor-version":[{"id":565,"href":"https:\/\/hebi.sk\/index.php?rest_route=\/wp\/v2\/pages\/95\/revisions\/565"}],"up":[{"embeddable":true,"href":"https:\/\/hebi.sk\/index.php?rest_route=\/wp\/v2\/pages\/93"}],"wp:attachment":[{"href":"https:\/\/hebi.sk\/index.php?rest_route=%2Fwp%2Fv2%2Fmedia&parent=95"}],"curies":[{"name":"wp","href":"https:\/\/api.w.org\/{rel}","templated":true}]}}