{"id":54,"date":"2023-10-29T16:57:54","date_gmt":"2023-10-29T15:57:54","guid":{"rendered":"https:\/\/hebi.sk\/?page_id=54"},"modified":"2024-09-03T10:38:44","modified_gmt":"2024-09-03T08:38:44","slug":"5000-a-viac","status":"publish","type":"page","link":"https:\/\/hebi.sk\/?page_id=54","title":{"rendered":"5000 EQ a\u00a0viac\u00a0"},"content":{"rendered":"\n<p>Pre v\u00e4\u010d\u0161ie aplik\u00e1cie s viac ako 5000 EQ je ide\u00e1lnym rie\u0161en\u00edm na \u010distenie odpadov\u00fdch v\u00f4d kombin\u00e1cia produktov ClearFox\u00ae.&nbsp;Ide o mechanick\u00e9 pred\u010distenie, biologick\u00e9 \u010distenie a kalov\u00e9 hospod\u00e1rstvo.&nbsp;N\u00e1\u0161 t\u00edm in\u017einierov a projektov\u00e9ho mana\u017ementu v back office navy\u0161e zais\u0165uje, \u017ee v tomto procese nikdy nebudete sami.&nbsp;Pon\u00fakaj\u00fa nepretr\u017eit\u00fa podporu, poradenstvo a odborn\u00e9 znalosti za ka\u017ed\u00fdch okolnost\u00ed, \u010d\u00edm zabezpe\u010duj\u00fa bezprobl\u00e9mov\u00e9 dodanie projektu.<\/p>\n\n\n\n<p><strong>Zdroje<\/strong><\/p>\n\n\n\n<p>Odpadov\u00e1 voda s viac ako 5000 eq zvy\u010dajne poch\u00e1dza z obytn\u00fdch oblast\u00ed, ded\u00edn a mal\u00fdch mestsk\u00fdch centier.&nbsp;Do tejto kateg\u00f3rie patria aj ve\u013ek\u00e9 vojensk\u00e9 z\u00e1kladne, ubytovanie pre pracovn\u00edkov a t\u00e1bory humanit\u00e1rnej pomoci.&nbsp;Na\u0161e modul\u00e1rne a mobiln\u00e9 syst\u00e9my \u010distenia odpadov\u00fdch v\u00f4d s\u00fa najlep\u0161\u00edm rie\u0161en\u00edm na trhu a sp\u013a\u0148aj\u00fa potreby t\u00fdchto r\u00f4znych zdrojov.<\/p>\n\n\n\n<p><strong>Charakteristika<\/strong><\/p>\n\n\n\n<p>Pre aplik\u00e1cie s viac ako 5000 EQ maj\u00fa vlastnosti odpadovej vody \u010dasto jednotn\u00fd profil.&nbsp;K tejto jednotnosti doch\u00e1dza, preto\u017ee maxim\u00e1lne koncentr\u00e1cie sa po\u010das \u010distenia prirodzene vyrovn\u00e1vaj\u00fa a riedia, \u010d\u00edm sa zabezpe\u010duje predv\u00eddate\u013enej\u0161\u00ed prietok odpadovej vody.&nbsp;Vo v\u0161eobecnosti sa hodnoty BSK pohybuj\u00fa medzi 200 a 500 mg\/l, zatia\u013e \u010do merania CHSK maj\u00fa tendenciu by\u0165 v rozsahu 500 a\u017e 1000 mg\/l.&nbsp;T\u00e1to predv\u00eddate\u013enos\u0165 pom\u00e1ha zefekt\u00edvni\u0165 procesy \u010distenia a zabezpe\u010di\u0165 optim\u00e1lny v\u00fdkon syst\u00e9mov \u010distenia odpadov\u00fdch v\u00f4d v r\u00f4znych oblastiach. &nbsp;<strong><a href=\"https:\/\/hebi.sk\/?page_id=56\" data-type=\"page\" data-id=\"56\"><mark style=\"background-color:rgba(0, 0, 0, 0)\" class=\"has-inline-color has-primary-color\">Zisti\u0165 viac&#8230;<\/mark><\/a><\/strong><\/p>\n\n\n\n<p><\/p>\n\n\n\n<p>Chceli by ste viac inform\u00e1ci\u00ed? H\u013ead\u00e1te dom\u00e1cu \u010disti\u010dku odpadov\u00fdch v\u00f4d a potrebujete \u010fal\u0161ie inform\u00e1cie?\u00a0Nev\u00e1hajte n\u00e1s kontaktova\u0165!\u00a0<\/p>\n\n\n\n<div class=\"wp-block-buttons is-layout-flex wp-block-buttons-is-layout-flex\">\n<div class=\"wp-block-button\"><a class=\"wp-block-button__link wp-element-button\" href=\"https:\/\/hebi.sk\/?page_id=136\"><strong>Kontaktn\u00fd formul\u00e1r<\/strong><\/a><\/div>\n<\/div>\n","protected":false},"excerpt":{"rendered":"<p>Pre v\u00e4\u010d\u0161ie aplik\u00e1cie s viac ako 5000 EQ je ide\u00e1lnym rie\u0161en\u00edm na \u010distenie odpadov\u00fdch v\u00f4d kombin\u00e1cia produktov ClearFox\u00ae.&nbsp;Ide o mechanick\u00e9 pred\u010distenie, biologick\u00e9 \u010distenie a kalov\u00e9 hospod\u00e1rstvo.&nbsp;N\u00e1\u0161 t\u00edm in\u017einierov a projektov\u00e9ho mana\u017ementu v back office navy\u0161e zais\u0165uje, \u017ee v tomto procese nikdy nebudete sami.&nbsp;Pon\u00fakaj\u00fa nepretr\u017eit\u00fa podporu, poradenstvo a odborn\u00e9 znalosti za ka\u017ed\u00fdch okolnost\u00ed, \u010d\u00edm zabezpe\u010duj\u00fa bezprobl\u00e9mov\u00e9 [&hellip;]<\/p>\n","protected":false},"author":1,"featured_media":44,"parent":30,"menu_order":0,"comment_status":"closed","ping_status":"closed","template":"","meta":{"footnotes":""},"class_list":["post-54","page","type-page","status-publish","has-post-thumbnail","hentry"],"_links":{"self":[{"href":"https:\/\/hebi.sk\/index.php?rest_route=\/wp\/v2\/pages\/54","targetHints":{"allow":["GET"]}}],"collection":[{"href":"https:\/\/hebi.sk\/index.php?rest_route=\/wp\/v2\/pages"}],"about":[{"href":"https:\/\/hebi.sk\/index.php?rest_route=\/wp\/v2\/types\/page"}],"author":[{"embeddable":true,"href":"https:\/\/hebi.sk\/index.php?rest_route=\/wp\/v2\/users\/1"}],"replies":[{"embeddable":true,"href":"https:\/\/hebi.sk\/index.php?rest_route=%2Fwp%2Fv2%2Fcomments&post=54"}],"version-history":[{"count":9,"href":"https:\/\/hebi.sk\/index.php?rest_route=\/wp\/v2\/pages\/54\/revisions"}],"predecessor-version":[{"id":604,"href":"https:\/\/hebi.sk\/index.php?rest_route=\/wp\/v2\/pages\/54\/revisions\/604"}],"up":[{"embeddable":true,"href":"https:\/\/hebi.sk\/index.php?rest_route=\/wp\/v2\/pages\/30"}],"wp:featuredmedia":[{"embeddable":true,"href":"https:\/\/hebi.sk\/index.php?rest_route=\/wp\/v2\/media\/44"}],"wp:attachment":[{"href":"https:\/\/hebi.sk\/index.php?rest_route=%2Fwp%2Fv2%2Fmedia&parent=54"}],"curies":[{"name":"wp","href":"https:\/\/api.w.org\/{rel}","templated":true}]}}