{"id":52,"date":"2023-10-29T16:57:14","date_gmt":"2023-10-29T15:57:14","guid":{"rendered":"https:\/\/hebi.sk\/?page_id=52"},"modified":"2024-09-03T10:38:21","modified_gmt":"2024-09-03T08:38:21","slug":"500-5000eq","status":"publish","type":"page","link":"https:\/\/hebi.sk\/?page_id=52","title":{"rendered":"500 \u2013 5000EQ"},"content":{"rendered":"\n<p>ClearFox\u00ae pon\u00faka komplexn\u00fd rad \u010disti\u010diek odpadov\u00fdch v\u00f4d pre decentralizovan\u00e9 \u010distenie odpadov\u00fdch v\u00f4d pre popul\u00e1ciu 500 a\u017e 5 000 \u013eud\u00ed.&nbsp;Na\u0161e jedine\u010dne navrhnut\u00e9 syst\u00e9my zah\u0155\u0148aj\u00fa kontajnerov\u00e9 biologick\u00e9 reaktory s pevn\u00fdm l\u00f4\u017ekom a na\u0161u pokro\u010dil\u00fa technol\u00f3giu spracovania SBR vzduchom.&nbsp;S na\u0161imi v\u0161estrann\u00fdmi mo\u017enos\u0165ami pon\u00fakame rie\u0161enia, ktor\u00e9 s\u00fa vhodn\u00e9 pre nadzemn\u00e9 aj podzemn\u00e9 syst\u00e9my.<\/p>\n\n\n\n<p><strong>Zdroje<\/strong><\/p>\n\n\n\n<p>V rozsahu 500 a\u017e 5000 EQ odpadov\u00e9 vody zvy\u010dajne poch\u00e1dzaj\u00fa z obytn\u00fdch oblast\u00ed, hotelov, ubytovn\u00ed pre pracovn\u00edkov a obc\u00ed.&nbsp;V\u0161estrannos\u0165 na\u0161ich rie\u0161en\u00ed v\u0161ak presahuje tieto obvykl\u00e9 zdroje.&nbsp;Sme schopn\u00ed prisp\u00f4sobi\u0165 na\u0161e syst\u00e9my na \u010distenie odpadov\u00fdch v\u00f4d zo \u0161irok\u00e9ho spektra zariaden\u00ed, ako s\u00fa hotely, nemocnice a in\u00e9 rozsiahle prev\u00e1dzky.&nbsp;Na\u0161a prisp\u00f4sobivos\u0165 zais\u0165uje, \u017ee dok\u00e1\u017eeme poskytn\u00fa\u0165 efekt\u00edvne a efekt\u00edvne rie\u0161enie \u010distenia bez oh\u013eadu na konkr\u00e9tny typ alebo zlo\u017eitos\u0165 odpadovej vody.<\/p>\n\n\n\n<p><strong>Charakteristika<\/strong><\/p>\n\n\n\n<p>Pri projektoch v rozsahu 500 a\u017e 5000 EO charakteristiky odpadov\u00fdch v\u00f4d \u010dasto zodpovedaj\u00fa \u0161tandardn\u00fdm profilom odpadov\u00fdch v\u00f4d.&nbsp;T\u00e1to zhoda je z ve\u013ekej \u010dasti sp\u00f4soben\u00e1 rieden\u00edm a kompenz\u00e1ciou z vy\u0161\u0161\u00edch prietokov, ktor\u00e9 zmier\u0148uj\u00fa maxim\u00e1lne koncentr\u00e1cie.&nbsp;Hodnoty BSK sa zvy\u010dajne pohybuj\u00fa od 200 do 500 mg\/l, zatia\u013e \u010do hodnoty CHSK sa pohybuj\u00fa od 400 do 1000 mg\/l. <strong><a href=\"https:\/\/hebi.sk\/?page_id=56\" data-type=\"page\" data-id=\"56\"><mark style=\"background-color:rgba(0, 0, 0, 0)\" class=\"has-inline-color has-primary-color\">Zisti\u0165 viac&#8230;<\/mark><\/a><\/strong><\/p>\n\n\n\n<p><\/p>\n\n\n\n<p>Chceli by ste viac inform\u00e1ci\u00ed? H\u013ead\u00e1te dom\u00e1cu \u010disti\u010dku odpadov\u00fdch v\u00f4d a potrebujete \u010fal\u0161ie inform\u00e1cie?\u00a0Nev\u00e1hajte n\u00e1s kontaktova\u0165!<\/p>\n\n\n\n<div class=\"wp-block-buttons is-layout-flex wp-block-buttons-is-layout-flex\">\n<div class=\"wp-block-button\"><a class=\"wp-block-button__link wp-element-button\" href=\"https:\/\/hebi.sk\/?page_id=136\"><strong>Kontaktn\u00fd formul\u00e1r<\/strong><\/a><\/div>\n<\/div>\n","protected":false},"excerpt":{"rendered":"<p>ClearFox\u00ae pon\u00faka komplexn\u00fd rad \u010disti\u010diek odpadov\u00fdch v\u00f4d pre decentralizovan\u00e9 \u010distenie odpadov\u00fdch v\u00f4d pre popul\u00e1ciu 500 a\u017e 5 000 \u013eud\u00ed.&nbsp;Na\u0161e jedine\u010dne navrhnut\u00e9 syst\u00e9my zah\u0155\u0148aj\u00fa kontajnerov\u00e9 biologick\u00e9 reaktory s pevn\u00fdm l\u00f4\u017ekom a na\u0161u pokro\u010dil\u00fa technol\u00f3giu spracovania SBR vzduchom.&nbsp;S na\u0161imi v\u0161estrann\u00fdmi mo\u017enos\u0165ami pon\u00fakame rie\u0161enia, ktor\u00e9 s\u00fa vhodn\u00e9 pre nadzemn\u00e9 aj podzemn\u00e9 syst\u00e9my. Zdroje V rozsahu 500 a\u017e 5000 [&hellip;]<\/p>\n","protected":false},"author":1,"featured_media":44,"parent":30,"menu_order":0,"comment_status":"closed","ping_status":"closed","template":"","meta":{"footnotes":""},"class_list":["post-52","page","type-page","status-publish","has-post-thumbnail","hentry"],"_links":{"self":[{"href":"https:\/\/hebi.sk\/index.php?rest_route=\/wp\/v2\/pages\/52","targetHints":{"allow":["GET"]}}],"collection":[{"href":"https:\/\/hebi.sk\/index.php?rest_route=\/wp\/v2\/pages"}],"about":[{"href":"https:\/\/hebi.sk\/index.php?rest_route=\/wp\/v2\/types\/page"}],"author":[{"embeddable":true,"href":"https:\/\/hebi.sk\/index.php?rest_route=\/wp\/v2\/users\/1"}],"replies":[{"embeddable":true,"href":"https:\/\/hebi.sk\/index.php?rest_route=%2Fwp%2Fv2%2Fcomments&post=52"}],"version-history":[{"count":8,"href":"https:\/\/hebi.sk\/index.php?rest_route=\/wp\/v2\/pages\/52\/revisions"}],"predecessor-version":[{"id":602,"href":"https:\/\/hebi.sk\/index.php?rest_route=\/wp\/v2\/pages\/52\/revisions\/602"}],"up":[{"embeddable":true,"href":"https:\/\/hebi.sk\/index.php?rest_route=\/wp\/v2\/pages\/30"}],"wp:featuredmedia":[{"embeddable":true,"href":"https:\/\/hebi.sk\/index.php?rest_route=\/wp\/v2\/media\/44"}],"wp:attachment":[{"href":"https:\/\/hebi.sk\/index.php?rest_route=%2Fwp%2Fv2%2Fmedia&parent=52"}],"curies":[{"name":"wp","href":"https:\/\/api.w.org\/{rel}","templated":true}]}}