{"id":49,"date":"2023-10-29T16:56:09","date_gmt":"2023-10-29T15:56:09","guid":{"rendered":"https:\/\/hebi.sk\/?page_id=49"},"modified":"2024-09-03T10:37:57","modified_gmt":"2024-09-03T08:37:57","slug":"50-500eq","status":"publish","type":"page","link":"https:\/\/hebi.sk\/?page_id=49","title":{"rendered":"50 \u2013 500EQ"},"content":{"rendered":"\n<p>ClearFox\u00ae pon\u00faka \u0161irok\u00fa \u0161k\u00e1lu \u010disti\u010diek odpadov\u00fdch v\u00f4d pre mal\u00e9 a\u017e stredne ve\u013ek\u00e9 aplik\u00e1cie a\u017e pre 500 \u013eud\u00ed.&nbsp;N\u00e1\u0161 sortiment zah\u0155\u0148a ocenen\u00e9 syst\u00e9my SBR s certifik\u00e1ciou EN12566-3, ako aj na\u0161e modul\u00e1rne kontajnerov\u00e9 biologick\u00e9 \u010distiarne s pevn\u00fdm l\u00f4\u017ekom.&nbsp;S cel\u00fdm radom mo\u017enost\u00ed, ktor\u00e9 vyhovuj\u00fa r\u00f4znym rozpo\u010dtom, pon\u00fakame v\u0161etko od kompletn\u00fdch syst\u00e9mov po technol\u00f3gie a bal\u00edky zariaden\u00ed vhodn\u00e9 na integr\u00e1ciu do n\u00e1dr\u017e\u00ed vyroben\u00fdch v ter\u00e9ne.<\/p>\n\n\n\n<p><strong>Zdroje<\/strong><\/p>\n\n\n\n<p>V rozsahu 50 a\u017e 500 EQ v\u00e4\u010d\u0161ina odpadov\u00fdch v\u00f4d poch\u00e1dza z obytn\u00fdch oblast\u00ed, hotelov, kempingov a men\u0161\u00edch komun\u00edt alebo ded\u00edn.&nbsp;Na\u0161e kontajnerov\u00e9 rie\u0161enia s\u00fa nielen v\u0161estrann\u00e9, ale z\u00edskali si aj celosvetov\u00e9 uznanie a pou\u017e\u00edvaj\u00fa sa pri b\u00fdvan\u00ed pracovn\u00edkov, vojensk\u00fdch z\u00e1kladniach a humanit\u00e1rnych projektoch.<\/p>\n\n\n\n<p><strong>Charakteristika<\/strong><\/p>\n\n\n\n<p>Pri projektoch v rozsahu 50 a\u017e 500 EQ je mo\u017en\u00e9 odpadov\u00fa vodu jednoducho \u010disti\u0165 pomocou n\u00e1\u0161ho prisp\u00f4soben\u00e9ho sortimentu produktov.&nbsp;O\u010dak\u00e1van\u00e9 hodnoty BSK s\u00fa medzi 200 mg\/l a 500 mg\/l.&nbsp;Na\u0161a pokro\u010dil\u00e1 procesn\u00e1 technol\u00f3gia zais\u0165uje d\u00f4kladn\u00fa elimin\u00e1ciu zne\u010dis\u0165uj\u00facich l\u00e1tok a u\u013eah\u010duje vyp\u00fa\u0161\u0165anie do \u017eivotn\u00e9ho prostredia a recykl\u00e1ciu odpadov\u00fdch v\u00f4d na op\u00e4tovn\u00e9 pou\u017eitie. <a href=\"https:\/\/hebi.sk\/?page_id=56\" data-type=\"page\" data-id=\"56\"><mark style=\"background-color:rgba(0, 0, 0, 0)\" class=\"has-inline-color has-primary-color\"><strong>Zisti\u0165 viac&#8230;<\/strong><\/mark><\/a><\/p>\n\n\n\n<p>Chceli by ste viac inform\u00e1ci\u00ed? H\u013ead\u00e1te dom\u00e1cu \u010disti\u010dku odpadov\u00fdch v\u00f4d a potrebujete \u010fal\u0161ie inform\u00e1cie?\u00a0Nev\u00e1hajte n\u00e1s kontaktova\u0165!\u00a0<\/p>\n\n\n\n<div class=\"wp-block-buttons is-layout-flex wp-block-buttons-is-layout-flex\">\n<div class=\"wp-block-button\"><a class=\"wp-block-button__link wp-element-button\" href=\"https:\/\/hebi.sk\/?page_id=136\"><strong>Kontaktn\u00fd formul\u00e1r<\/strong><\/a><\/div>\n<\/div>\n","protected":false},"excerpt":{"rendered":"<p>ClearFox\u00ae pon\u00faka \u0161irok\u00fa \u0161k\u00e1lu \u010disti\u010diek odpadov\u00fdch v\u00f4d pre mal\u00e9 a\u017e stredne ve\u013ek\u00e9 aplik\u00e1cie a\u017e pre 500 \u013eud\u00ed.&nbsp;N\u00e1\u0161 sortiment zah\u0155\u0148a ocenen\u00e9 syst\u00e9my SBR s certifik\u00e1ciou EN12566-3, ako aj na\u0161e modul\u00e1rne kontajnerov\u00e9 biologick\u00e9 \u010distiarne s pevn\u00fdm l\u00f4\u017ekom.&nbsp;S cel\u00fdm radom mo\u017enost\u00ed, ktor\u00e9 vyhovuj\u00fa r\u00f4znym rozpo\u010dtom, pon\u00fakame v\u0161etko od kompletn\u00fdch syst\u00e9mov po technol\u00f3gie a bal\u00edky zariaden\u00ed vhodn\u00e9 na integr\u00e1ciu [&hellip;]<\/p>\n","protected":false},"author":1,"featured_media":44,"parent":30,"menu_order":0,"comment_status":"closed","ping_status":"closed","template":"","meta":{"footnotes":""},"class_list":["post-49","page","type-page","status-publish","has-post-thumbnail","hentry"],"_links":{"self":[{"href":"https:\/\/hebi.sk\/index.php?rest_route=\/wp\/v2\/pages\/49","targetHints":{"allow":["GET"]}}],"collection":[{"href":"https:\/\/hebi.sk\/index.php?rest_route=\/wp\/v2\/pages"}],"about":[{"href":"https:\/\/hebi.sk\/index.php?rest_route=\/wp\/v2\/types\/page"}],"author":[{"embeddable":true,"href":"https:\/\/hebi.sk\/index.php?rest_route=\/wp\/v2\/users\/1"}],"replies":[{"embeddable":true,"href":"https:\/\/hebi.sk\/index.php?rest_route=%2Fwp%2Fv2%2Fcomments&post=49"}],"version-history":[{"count":8,"href":"https:\/\/hebi.sk\/index.php?rest_route=\/wp\/v2\/pages\/49\/revisions"}],"predecessor-version":[{"id":599,"href":"https:\/\/hebi.sk\/index.php?rest_route=\/wp\/v2\/pages\/49\/revisions\/599"}],"up":[{"embeddable":true,"href":"https:\/\/hebi.sk\/index.php?rest_route=\/wp\/v2\/pages\/30"}],"wp:featuredmedia":[{"embeddable":true,"href":"https:\/\/hebi.sk\/index.php?rest_route=\/wp\/v2\/media\/44"}],"wp:attachment":[{"href":"https:\/\/hebi.sk\/index.php?rest_route=%2Fwp%2Fv2%2Fmedia&parent=49"}],"curies":[{"name":"wp","href":"https:\/\/api.w.org\/{rel}","templated":true}]}}