{"id":46,"date":"2023-10-29T16:54:34","date_gmt":"2023-10-29T15:54:34","guid":{"rendered":"https:\/\/hebi.sk\/?page_id=46"},"modified":"2024-09-03T10:37:10","modified_gmt":"2024-09-03T08:37:10","slug":"4-50-eq","status":"publish","type":"page","link":"https:\/\/hebi.sk\/?page_id=46","title":{"rendered":"4 \u2013 50 EQ"},"content":{"rendered":"\n<p>ClearFox\u00ae m\u00e1 komplexn\u00fd rad \u010disti\u010diek odpadov\u00fdch v\u00f4d pre 4 a\u017e 50 os\u00f4b.&nbsp;Sortiment produktov siaha od n\u00e1\u0161ho \u0161pi\u010dkov\u00e9ho neelektrick\u00e9ho syst\u00e9mu ClearFox\u00ae Nature a\u017e po n\u00e1\u0161 ocenen\u00fd syst\u00e9m QuickOne SBR certifikovan\u00fd pod\u013ea EN12566-3.&nbsp;Flexibiln\u00e9 rie\u0161enia zah\u0155\u0148aj\u00fa kompletn\u00e9 syst\u00e9my, ale aj s\u00fapravy technol\u00f3gi\u00ed\/vybavenia pre in\u0161tal\u00e1ciu do lok\u00e1lne vyr\u00e1ban\u00fdch alebo existuj\u00facich n\u00e1dr\u017e\u00ed.<\/p>\n\n\n\n<p><strong>Zdroje<\/strong><\/p>\n\n\n\n<p>Mno\u017estvo odpadov\u00fdch v\u00f4d 4 a\u017e 50 EQ. poch\u00e1dza najm\u00e4 z rodinn\u00fdch domov a mal\u00fdch turistick\u00fdch podnikov, mal\u00fdch \u0161k\u00f4l a re\u0161taur\u00e1ci\u00ed.&nbsp;Na\u0161e flexibiln\u00e9 rie\u0161enia s\u00fa vhodn\u00e9 pre ak\u00e9ko\u013evek mal\u00e9 aplik\u00e1cie, ktor\u00e9 produkuj\u00fa odpadov\u00e9 vody z dom\u00e1cnost\u00ed.<\/p>\n\n\n\n<p><strong>Charakteristika<\/strong><\/p>\n\n\n\n<p>Vlastnosti odpadovej vody sa m\u00f4\u017eu medzi jednotliv\u00fdmi prev\u00e1dzkami l\u00ed\u0161i\u0165. V pohostinsk\u00fdch zariadeniach, ako s\u00fa re\u0161taur\u00e1cie, m\u00f4\u017ee by\u0165 za\u0165a\u017eenie zne\u010dis\u0165uj\u00facimi l\u00e1tkami vy\u0161\u0161ie ako norm\u00e1lne v d\u00f4sledku oleja, mastnoty a vysok\u00e9ho obsahu organick\u00fdch l\u00e1tok. V \u0161kol\u00e1ch m\u00f4\u017ee by\u0165 amoniak ve\u013emi vysok\u00fd v d\u00f4sledku pou\u017e\u00edvania toaliet. Pre be\u017en\u00e9 odpadov\u00e9 vody z dom\u00e1cnost\u00ed je zlo\u017eenie norm\u00e1lne, s BSK 300 mg\/l. Dok\u00e1\u017eeme vy\u010disti\u0165 v\u0161etky typy odpadov\u00fdch v\u00f4d na \u00farove\u0148, ktor\u00e1 umo\u017en\u00ed bezpe\u010dn\u00e9 vypustenie do \u017eivotn\u00e9ho prostredia a op\u00e4tovn\u00e9 pou\u017eitie. <a href=\"https:\/\/hebi.sk\/?page_id=56\" data-type=\"page\" data-id=\"56\"><strong><mark style=\"background-color:rgba(0, 0, 0, 0)\" class=\"has-inline-color has-primary-color\">Zisti\u0165 viac<\/mark><\/strong><\/a>&#8230;&nbsp;&nbsp;&nbsp;&nbsp;&nbsp;<\/p>\n\n\n\n<p>Chceli by ste viac inform\u00e1ci\u00ed? H\u013ead\u00e1te dom\u00e1cu \u010disti\u010dku odpadov\u00fdch v\u00f4d a potrebujete \u010fal\u0161ie inform\u00e1cie?\u00a0Nev\u00e1hajte n\u00e1s kontaktova\u0165!\u00a0<\/p>\n\n\n\n<div class=\"wp-block-buttons is-layout-flex wp-block-buttons-is-layout-flex\">\n<div class=\"wp-block-button\"><a class=\"wp-block-button__link wp-element-button\" href=\"https:\/\/hebi.sk\/?page_id=136\">Kontaktn\u00fd formul\u00e1r<\/a><\/div>\n<\/div>\n\n\n\n<p><\/p>\n","protected":false},"excerpt":{"rendered":"<p>ClearFox\u00ae m\u00e1 komplexn\u00fd rad \u010disti\u010diek odpadov\u00fdch v\u00f4d pre 4 a\u017e 50 os\u00f4b.&nbsp;Sortiment produktov siaha od n\u00e1\u0161ho \u0161pi\u010dkov\u00e9ho neelektrick\u00e9ho syst\u00e9mu ClearFox\u00ae Nature a\u017e po n\u00e1\u0161 ocenen\u00fd syst\u00e9m QuickOne SBR certifikovan\u00fd pod\u013ea EN12566-3.&nbsp;Flexibiln\u00e9 rie\u0161enia zah\u0155\u0148aj\u00fa kompletn\u00e9 syst\u00e9my, ale aj s\u00fapravy technol\u00f3gi\u00ed\/vybavenia pre in\u0161tal\u00e1ciu do lok\u00e1lne vyr\u00e1ban\u00fdch alebo existuj\u00facich n\u00e1dr\u017e\u00ed. Zdroje Mno\u017estvo odpadov\u00fdch v\u00f4d 4 a\u017e 50 EQ. [&hellip;]<\/p>\n","protected":false},"author":1,"featured_media":44,"parent":30,"menu_order":0,"comment_status":"closed","ping_status":"closed","template":"","meta":{"footnotes":""},"class_list":["post-46","page","type-page","status-publish","has-post-thumbnail","hentry"],"_links":{"self":[{"href":"https:\/\/hebi.sk\/index.php?rest_route=\/wp\/v2\/pages\/46","targetHints":{"allow":["GET"]}}],"collection":[{"href":"https:\/\/hebi.sk\/index.php?rest_route=\/wp\/v2\/pages"}],"about":[{"href":"https:\/\/hebi.sk\/index.php?rest_route=\/wp\/v2\/types\/page"}],"author":[{"embeddable":true,"href":"https:\/\/hebi.sk\/index.php?rest_route=\/wp\/v2\/users\/1"}],"replies":[{"embeddable":true,"href":"https:\/\/hebi.sk\/index.php?rest_route=%2Fwp%2Fv2%2Fcomments&post=46"}],"version-history":[{"count":10,"href":"https:\/\/hebi.sk\/index.php?rest_route=\/wp\/v2\/pages\/46\/revisions"}],"predecessor-version":[{"id":596,"href":"https:\/\/hebi.sk\/index.php?rest_route=\/wp\/v2\/pages\/46\/revisions\/596"}],"up":[{"embeddable":true,"href":"https:\/\/hebi.sk\/index.php?rest_route=\/wp\/v2\/pages\/30"}],"wp:featuredmedia":[{"embeddable":true,"href":"https:\/\/hebi.sk\/index.php?rest_route=\/wp\/v2\/media\/44"}],"wp:attachment":[{"href":"https:\/\/hebi.sk\/index.php?rest_route=%2Fwp%2Fv2%2Fmedia&parent=46"}],"curies":[{"name":"wp","href":"https:\/\/api.w.org\/{rel}","templated":true}]}}