{"id":124,"date":"2023-10-30T14:34:28","date_gmt":"2023-10-30T13:34:28","guid":{"rendered":"https:\/\/hebi.sk\/?page_id=124"},"modified":"2024-08-30T11:46:14","modified_gmt":"2024-08-30T09:46:14","slug":"galeeria-fbr-reaktor-s-pevnym-lozkom","status":"publish","type":"page","link":"https:\/\/hebi.sk\/?page_id=124","title":{"rendered":"Gal\u00e9ria &#8211; FBR Reaktor s pevn\u00fdm l\u00f4\u017ekom"},"content":{"rendered":"\n<figure class=\"wp-block-gallery has-nested-images columns-default is-cropped wp-block-gallery-1 is-layout-flex wp-block-gallery-is-layout-flex\">\n<figure class=\"wp-block-image size-large\"><img fetchpriority=\"high\" decoding=\"async\" width=\"580\" height=\"416\" data-id=\"115\" src=\"https:\/\/hebi.sk\/wp-content\/uploads\/2023\/10\/Obrazok1.jpg\" alt=\"\" class=\"wp-image-115\" srcset=\"https:\/\/hebi.sk\/wp-content\/uploads\/2023\/10\/Obrazok1.jpg 580w, https:\/\/hebi.sk\/wp-content\/uploads\/2023\/10\/Obrazok1-300x215.jpg 300w\" sizes=\"(max-width: 580px) 100vw, 580px\" \/><\/figure>\n\n\n\n<figure class=\"wp-block-image size-large\"><img decoding=\"async\" width=\"542\" height=\"346\" data-id=\"116\" src=\"https:\/\/hebi.sk\/wp-content\/uploads\/2023\/10\/Obrazok2.jpg\" alt=\"\" class=\"wp-image-116\" srcset=\"https:\/\/hebi.sk\/wp-content\/uploads\/2023\/10\/Obrazok2.jpg 542w, https:\/\/hebi.sk\/wp-content\/uploads\/2023\/10\/Obrazok2-300x192.jpg 300w\" sizes=\"(max-width: 542px) 100vw, 542px\" \/><\/figure>\n\n\n\n<figure class=\"wp-block-image size-large\"><img decoding=\"async\" width=\"391\" height=\"261\" data-id=\"122\" src=\"https:\/\/hebi.sk\/wp-content\/uploads\/2023\/10\/Obrazok8.jpg\" alt=\"\" class=\"wp-image-122\" srcset=\"https:\/\/hebi.sk\/wp-content\/uploads\/2023\/10\/Obrazok8.jpg 391w, https:\/\/hebi.sk\/wp-content\/uploads\/2023\/10\/Obrazok8-300x200.jpg 300w\" sizes=\"(max-width: 391px) 100vw, 391px\" \/><\/figure>\n\n\n\n<figure class=\"wp-block-image size-large\"><img loading=\"lazy\" decoding=\"async\" width=\"424\" height=\"318\" data-id=\"123\" src=\"https:\/\/hebi.sk\/wp-content\/uploads\/2023\/10\/Obrazok9.jpg\" alt=\"\" class=\"wp-image-123\" srcset=\"https:\/\/hebi.sk\/wp-content\/uploads\/2023\/10\/Obrazok9.jpg 424w, https:\/\/hebi.sk\/wp-content\/uploads\/2023\/10\/Obrazok9-300x225.jpg 300w\" sizes=\"(max-width: 424px) 100vw, 424px\" \/><\/figure>\n\n\n\n<figure class=\"wp-block-image size-large\"><img loading=\"lazy\" decoding=\"async\" width=\"438\" height=\"328\" data-id=\"121\" src=\"https:\/\/hebi.sk\/wp-content\/uploads\/2023\/10\/Obrazok7.jpg\" alt=\"\" class=\"wp-image-121\" srcset=\"https:\/\/hebi.sk\/wp-content\/uploads\/2023\/10\/Obrazok7.jpg 438w, https:\/\/hebi.sk\/wp-content\/uploads\/2023\/10\/Obrazok7-300x225.jpg 300w\" sizes=\"(max-width: 438px) 100vw, 438px\" \/><\/figure>\n\n\n\n<figure class=\"wp-block-image size-large\"><img loading=\"lazy\" decoding=\"async\" width=\"339\" height=\"452\" data-id=\"119\" src=\"https:\/\/hebi.sk\/wp-content\/uploads\/2023\/10\/Obrazok5.jpg\" alt=\"\" class=\"wp-image-119\" srcset=\"https:\/\/hebi.sk\/wp-content\/uploads\/2023\/10\/Obrazok5.jpg 339w, https:\/\/hebi.sk\/wp-content\/uploads\/2023\/10\/Obrazok5-225x300.jpg 225w\" sizes=\"(max-width: 339px) 100vw, 339px\" \/><\/figure>\n\n\n\n<figure class=\"wp-block-image size-large\"><img loading=\"lazy\" decoding=\"async\" width=\"313\" height=\"417\" data-id=\"120\" src=\"https:\/\/hebi.sk\/wp-content\/uploads\/2023\/10\/Obrazok6.jpg\" alt=\"\" class=\"wp-image-120\" srcset=\"https:\/\/hebi.sk\/wp-content\/uploads\/2023\/10\/Obrazok6.jpg 313w, https:\/\/hebi.sk\/wp-content\/uploads\/2023\/10\/Obrazok6-225x300.jpg 225w\" sizes=\"(max-width: 313px) 100vw, 313px\" \/><\/figure>\n\n\n\n<figure class=\"wp-block-image size-large\"><img loading=\"lazy\" decoding=\"async\" width=\"457\" height=\"313\" data-id=\"118\" src=\"https:\/\/hebi.sk\/wp-content\/uploads\/2023\/10\/Obrazok4.jpg\" alt=\"\" class=\"wp-image-118\" srcset=\"https:\/\/hebi.sk\/wp-content\/uploads\/2023\/10\/Obrazok4.jpg 457w, https:\/\/hebi.sk\/wp-content\/uploads\/2023\/10\/Obrazok4-300x205.jpg 300w\" sizes=\"(max-width: 457px) 100vw, 457px\" \/><\/figure>\n\n\n\n<figure class=\"wp-block-image size-large\"><img loading=\"lazy\" decoding=\"async\" width=\"455\" height=\"341\" data-id=\"117\" src=\"https:\/\/hebi.sk\/wp-content\/uploads\/2023\/10\/Obrazok3.jpg\" alt=\"\" class=\"wp-image-117\" srcset=\"https:\/\/hebi.sk\/wp-content\/uploads\/2023\/10\/Obrazok3.jpg 455w, https:\/\/hebi.sk\/wp-content\/uploads\/2023\/10\/Obrazok3-300x225.jpg 300w\" sizes=\"(max-width: 455px) 100vw, 455px\" \/><\/figure>\n<\/figure>\n","protected":false},"excerpt":{"rendered":"","protected":false},"author":1,"featured_media":0,"parent":114,"menu_order":0,"comment_status":"closed","ping_status":"closed","template":"","meta":{"footnotes":""},"class_list":["post-124","page","type-page","status-publish","hentry"],"_links":{"self":[{"href":"https:\/\/hebi.sk\/index.php?rest_route=\/wp\/v2\/pages\/124","targetHints":{"allow":["GET"]}}],"collection":[{"href":"https:\/\/hebi.sk\/index.php?rest_route=\/wp\/v2\/pages"}],"about":[{"href":"https:\/\/hebi.sk\/index.php?rest_route=\/wp\/v2\/types\/page"}],"author":[{"embeddable":true,"href":"https:\/\/hebi.sk\/index.php?rest_route=\/wp\/v2\/users\/1"}],"replies":[{"embeddable":true,"href":"https:\/\/hebi.sk\/index.php?rest_route=%2Fwp%2Fv2%2Fcomments&post=124"}],"version-history":[{"count":3,"href":"https:\/\/hebi.sk\/index.php?rest_route=\/wp\/v2\/pages\/124\/revisions"}],"predecessor-version":[{"id":409,"href":"https:\/\/hebi.sk\/index.php?rest_route=\/wp\/v2\/pages\/124\/revisions\/409"}],"up":[{"embeddable":true,"href":"https:\/\/hebi.sk\/index.php?rest_route=\/wp\/v2\/pages\/114"}],"wp:attachment":[{"href":"https:\/\/hebi.sk\/index.php?rest_route=%2Fwp%2Fv2%2Fmedia&parent=124"}],"curies":[{"name":"wp","href":"https:\/\/api.w.org\/{rel}","templated":true}]}}