{"id":114,"date":"2023-10-30T14:34:09","date_gmt":"2023-10-30T13:34:09","guid":{"rendered":"https:\/\/hebi.sk\/?page_id=114"},"modified":"2024-09-03T10:25:16","modified_gmt":"2024-09-03T08:25:16","slug":"technologia","status":"publish","type":"page","link":"https:\/\/hebi.sk\/?page_id=114","title":{"rendered":"Technologia"},"content":{"rendered":"\n<h2 class=\"wp-block-heading\"><strong>CLEARFOX\u00ae FBR Reaktor s pevn\u00fdm l\u00f4\u017ekom<\/strong> &#8211; <a href=\"https:\/\/hebi.sk\/?page_id=124\" data-type=\"link\" data-id=\"https:\/\/hebi.sk\/?page_id=124\">Gal\u00e9ria<\/a><\/h2>\n\n\n\n<p>ClearFox\u00ae FBR (reaktor s pevn\u00fdm l\u00f4\u017ekom) je biologick\u00fd proces \u010distenia odpadov\u00fdch v\u00f4d s vysok\u00fdm \u010distiacim v\u00fdkonom.&nbsp;Moduly s pevn\u00fdm l\u00f4\u017ekom s\u00fa vhodn\u00e9 na samostatn\u00e9, biologick\u00e9 \u010distenie komun\u00e1lnych odpadov\u00fdch v\u00f4d.&nbsp;Reaktor s pevn\u00fdm l\u00f4\u017ekom tie\u017e spracov\u00e1va priemyseln\u00e9 odpadov\u00e9 vody s vysok\u00fdm za\u0165a\u017een\u00edm biologicky.&nbsp;Moduly pracuj\u00fa v s\u00e9rii alebo paralelne s prietokom 10 \u2013 5 000 m\u00b3\/de\u0148.<\/p>\n\n\n\n<p><strong>Biologick\u00e9 o\u0161etrenie s vysok\u00fdm, stabiln\u00fdm \u010distiacim v\u00fdkonom<\/strong><\/p>\n\n\n\n<p>ClearFox\u00ae FBR vyu\u017e\u00edva modifikovan\u00fd proces pevn\u00e9ho l\u00f4\u017eka na dosiahnutie vysokej \u00farovne odstra\u0148ovania zne\u010dis\u0165uj\u00facich l\u00e1tok vo ve\u013emi kompaktnej oblasti. Pou\u017eit\u00edm \u0161peci\u00e1lnych kask\u00e1d a prevzdu\u0161\u0148ovac\u00edch sekvenci\u00ed m\u00f4\u017ee ClearFox\u00ae FBR biodegradova\u0165 kontaminanty v komun\u00e1lnych a vysoko zne\u010disten\u00fdch priemyseln\u00fdch odpadov\u00fdch vod\u00e1ch. PIA GmbH \u2013 popredn\u00e9, nez\u00e1visl\u00e9, notifikovan\u00e9 testovacie centrum pre \u010distenie odpadov\u00fdch v\u00f4d \u2013 certifikovalo \u010distiaci v\u00fdkon ClearFox\u00ae FBR.<\/p>\n\n\n\n<p>ClearFox\u00ae FBR je robustnej\u0161\u00ed syst\u00e9m ako typick\u00e9 procesy s aktivovan\u00fdm kalom. Reaktor je schopn\u00fd zvl\u00e1dnu\u0165 ove\u013ea vy\u0161\u0161ie koncentr\u00e1cie zne\u010dis\u0165uj\u00facich l\u00e1tok ako procesy MBR a MBBR. Produkuje tie\u017e menej kalu ako be\u017en\u00e9 technol\u00f3gie biologick\u00e9ho \u010distenia odpadov\u00fdch v\u00f4d. V\u010faka \u0161pecifick\u00e9mu povrchu blokov s pevn\u00fdm l\u00f4\u017ekom 100 &#8211; 200 m\u00b2 na m\u00b3 maj\u00fa mikroorganizmy k dispoz\u00edcii podstatne v\u00e4\u010d\u0161\u00ed priestor pre rast. To znamen\u00e1, \u017ee p\u00f4dorys biologick\u00fdch \u010distiarn\u00ed odpadov\u00fdch v\u00f4d ClearFox\u00ae s pevn\u00fdm l\u00f4\u017ekom je v\u00fdrazne men\u0161\u00ed v porovnan\u00ed s konven\u010dn\u00fdmi syst\u00e9mami.<\/p>\n\n\n\n<h2 class=\"wp-block-heading\"><strong>V\u00fdhody<\/strong><\/h2>\n\n\n\n<h3 class=\"wp-block-heading\"><strong>ClearFox\u00ae FBR je unik\u00e1tny, kask\u00e1dov\u00fd, vysoko v\u00fdkonn\u00fd modul biologick\u00e9ho \u010distenia.&nbsp;Toto flexibiln\u00e9 rie\u0161enie je vhodn\u00e9 pre r\u00f4zne aplik\u00e1cie biologick\u00e9ho \u010distenia odpadov\u00fdch v\u00f4d<\/strong>.<\/h3>\n\n\n\n<p>V\u00fdhody s\u00fa:<\/p>\n\n\n\n<ul class=\"wp-block-list\">\n<li>Popredn\u00e9 nemeck\u00e9 vod\u00e1rensk\u00e9 asoci\u00e1cie odpor\u00fa\u010daj\u00fa FBR na biologick\u00e9 \u010distenie odpadov\u00fdch v\u00f4d s vysok\u00fdm za\u0165a\u017een\u00edm<\/li>\n\n\n\n<li>Vhodn\u00e9 pre priemyseln\u00e9 a&nbsp;komun\u00e1lne odpadov\u00e9 vody<\/li>\n\n\n\n<li>Vhodn\u00e9 pre nadzemn\u00fa a&nbsp;podzemn\u00fa in\u0161tal\u00e1ciu<\/li>\n\n\n\n<li>N\u00edzke investi\u010dn\u00e9 n\u00e1klady<\/li>\n\n\n\n<li>Plug &amp; Play rie\u0161enia<\/li>\n\n\n\n<li>Vhodn\u00e9 pre kol\u00edsav\u00e9 prietoky odpadov\u00fdch v\u00f4d<\/li>\n\n\n\n<li>Ni\u017e\u0161ie prev\u00e1dzkov\u00e9 n\u00e1klady ako pri in\u00fdch procesn\u00fdch technol\u00f3gi\u00e1ch<\/li>\n\n\n\n<li>Syst\u00e9m je mo\u017en\u00e9 jednoducho roz\u0161\u00edri\u0165 o \u010fal\u0161ie moduly<\/li>\n\n\n\n<li>Syst\u00e9m je mo\u017en\u00e9 ovl\u00e1da\u0165 jednoducho a bez vy\u0161kolen\u00e9ho person\u00e1lu<\/li>\n\n\n\n<li>Kompaktnej\u0161\u00ed dizajn ako in\u00e9 procesn\u00e9 technol\u00f3gie<\/li>\n\n\n\n<li>R\u00fdchla in\u0161tal\u00e1cia a uvedenie do prev\u00e1dzky<\/li>\n\n\n\n<li>Vysok\u00e1 \u00fa\u010dinnos\u0165 pri odstra\u0148ovan\u00ed \u0161kodliv\u00edn<\/li>\n\n\n\n<li>Mobiln\u00fd a \u013eahko sa pres\u00fava<\/li>\n\n\n\n<li>V\u0161etky \u010dasti jednotliv\u00fdch modulov s\u00fa odoln\u00e9 vo\u010di kor\u00f3zii<\/li>\n\n\n\n<li>Ni\u017e\u0161ie n\u00e1klady na energiu v porovnan\u00ed s MBBR a MBR<\/li>\n\n\n\n<li>Nevy\u017eaduj\u00fa sa \u017eiadne chemik\u00e1lie<\/li>\n\n\n\n<li>\u017diadny v\u00fdvoj z\u00e1pachu<\/li>\n\n\n\n<li>Odpadov\u00e1 voda je vhodn\u00e1 na op\u00e4tovn\u00e9 pou\u017eitie<\/li>\n<\/ul>\n\n\n\n<h2 class=\"wp-block-heading\"><strong>Technologick\u00fd postup<\/strong><\/h2>\n\n\n\n<p>Surov\u00e1 odpadov\u00e1 voda z kanaliz\u00e1cie sa cez \u010derpaciu stanicu prim\u00e1rneho \u010distenia dost\u00e1va do prvej n\u00e1dr\u017ee \u010distiarne odpadov\u00fdch v\u00f4d.&nbsp;Pre odpadov\u00e9 vody, ktor\u00e9 u\u017e boli preosiate, nie je potrebn\u00e9 predbe\u017en\u00e9 \u010d\u00edrenie.&nbsp;Odpadov\u00e1 voda z kuch\u00fd\u0148 a stravovac\u00edch zariaden\u00ed najprv dostane DAF na zn\u00ed\u017eenie tukov a olejov (FOG) predt\u00fdm, ako vst\u00fapi do prim\u00e1rneho \u010distenia.&nbsp;V prvom kroku skrutkov\u00e9 sito odstr\u00e1ni v\u0161etky pevn\u00e9 \u010dastice v odpadovej vode, ktor\u00e9 s\u00fa v\u00e4\u010d\u0161ie ako tri milimetre.&nbsp;Na zost\u00e1vaj\u00face prim\u00e1rne \u010distenie prech\u00e1dza odpadov\u00e1 voda cez n\u00e1dr\u017e, v ktorej sa usadzuj\u00fa nerozpustn\u00e9 l\u00e1tky.&nbsp;Odpadov\u00e1 voda potom pr\u00fadi do vyrovn\u00e1vacej n\u00e1dr\u017ee, aby kompenzovala \u0161pi\u010dky pr\u00edtoku.&nbsp;V kontajnerovej verzii si z\u00e1kazn\u00edk m\u00f4\u017ee usporiada\u0165 prim\u00e1rne \u010d\u00edriace a vyrovn\u00e1vacie kontajnery pod\u013ea \u017eelania: bu\u010f na seba, alebo ved\u013ea seba.&nbsp;Sklad kalu je samostatn\u00fd alebo integrovan\u00fd do predkomory<\/p>\n\n\n\n<figure class=\"wp-block-image size-full\"><img fetchpriority=\"high\" decoding=\"async\" width=\"856\" height=\"856\" src=\"https:\/\/hebi.sk\/wp-content\/uploads\/2023\/10\/image.png\" alt=\"\" class=\"wp-image-128\" srcset=\"https:\/\/hebi.sk\/wp-content\/uploads\/2023\/10\/image.png 856w, https:\/\/hebi.sk\/wp-content\/uploads\/2023\/10\/image-300x300.png 300w, https:\/\/hebi.sk\/wp-content\/uploads\/2023\/10\/image-150x150.png 150w, https:\/\/hebi.sk\/wp-content\/uploads\/2023\/10\/image-768x768.png 768w\" sizes=\"(max-width: 856px) 100vw, 856px\" \/><\/figure>\n\n\n\n<p>\u010cerpadlo (pneumatick\u00e9 alebo elektrick\u00e9) nepretr\u017eite dod\u00e1va odpadov\u00fa vodu do biologick\u00e9ho \u010distiaceho stup\u0148a, materi\u00e1lu s pevn\u00fdm l\u00f4\u017ekom.&nbsp;Z\u00e1kazn\u00edk si tak m\u00f4\u017ee pri n\u00e1sledn\u00fdch v\u00fdkyvoch za\u0165a\u017eenia v\u017edy nastavi\u0165 najv\u00fdhodnej\u0161\u00ed prev\u00e1dzkov\u00fd re\u017eim.<\/p>\n\n\n\n<p>Po po\u010diato\u010dnom obdob\u00ed sa na materi\u00e1li pevn\u00e9ho l\u00f4\u017eka vytvor\u00ed biofilm (mikroorganick\u00e1 koloniz\u00e1cia).&nbsp;T\u00fdm sa organick\u00e9 zne\u010dis\u0165uj\u00face l\u00e1tky obsiahnut\u00e9 v odpadovej vode premie\u0148aj\u00fa na sediment\u00e1rne a miner\u00e1lne l\u00e1tky.&nbsp;Ide predov\u0161etk\u00fdm o pr\u00e1cu aer\u00f3bnych organizmov.&nbsp;Ventila\u010dn\u00fd syst\u00e9m in\u0161talovan\u00fd pod materi\u00e1lom pevn\u00e9ho l\u00f4\u017eka z\u00e1sobuje organizmy dostatok vzduchu.&nbsp;Okrem toho st\u00fapaj\u00faci vzduch sp\u00f4sobuje pr\u00fadenie, ktor\u00e9 v d\u00f4sledku geometrie pou\u017eit\u00e9ho materi\u00e1lu pevn\u00e9ho l\u00f4\u017eka vedie k \u00fapln\u00e9mu (horizont\u00e1lnemu a vertik\u00e1lnemu) premie\u0161aniu obsahu n\u00e1dr\u017ee (charakteristick\u00e9 pre mie\u0161ac\u00ed valec).&nbsp;Pri \u010disten\u00ed mikroorganizmami vznik\u00e1 sekund\u00e1rny kal, ktor\u00fd je od \u010distej vody oddelen\u00fd lamelov\u00fdm \u010disti\u010dom.&nbsp;\u010cerpadlo dopravuje sekund\u00e1rny kal do ur\u010denej n\u00e1doby.<\/p>\n\n\n\n<h2 class=\"wp-block-heading\"><strong>Ako je pripojen\u00fd FBR?<\/strong><\/h2>\n\n\n\n<p>Z reaktora s pevn\u00fdm l\u00f4\u017ekom pretek\u00e1 odpadov\u00e1 voda gravita\u010dn\u00fdm potrub\u00edm do sekund\u00e1rneho \u010disti\u010da alebo lamelov\u00e9ho \u010disti\u010da, ktor\u00fd odde\u013euje kal od supernatantnej vody.<\/p>\n\n\n\n<p>Pre denitrifik\u00e1ciu je volite\u013ene k dispoz\u00edcii sp\u00e4tn\u00e9 vedenie kalu.&nbsp;Vzniknut\u00fd kal sa usadzuje v sekund\u00e1rnom \u010disti\u010di.&nbsp;Ponorn\u00e9 \u010derpadlo alebo mamutie \u010derpadlo (sekund\u00e1rne \u010derpadlo) to pre\u010derp\u00e1va sp\u00e4\u0165 do kalov\u00e9ho skladu alebo prim\u00e1rneho \u010distenia.<\/p>\n\n\n\n<p>Substr\u00e1t pevn\u00e9ho l\u00f4\u017eka vyroben\u00fd z UV-stabilizovan\u00e9ho polyetyl\u00e9nu nem\u00e1 \u017eiadne toxick\u00e9 ani chemicko-fyzik\u00e1lne \u00fa\u010dinky na biologick\u00fd \u010distiaci proces.&nbsp;Pevn\u00e9 l\u00f4\u017eko pozost\u00e1va zo sie\u0165ov\u00fdch r\u00far, ktor\u00e9 s\u00fa na \u010deln\u00fdch stran\u00e1ch spojen\u00e9.&nbsp;T\u00e1to jedine\u010dn\u00e1 \u0161trukt\u00fara umo\u017e\u0148uje dobr\u00e9 premie\u0161anie materi\u00e1lu.<\/p>\n\n\n\n<figure class=\"wp-block-image size-full\"><img decoding=\"async\" width=\"993\" height=\"653\" src=\"https:\/\/hebi.sk\/wp-content\/uploads\/2023\/10\/image-1.png\" alt=\"\" class=\"wp-image-129\" srcset=\"https:\/\/hebi.sk\/wp-content\/uploads\/2023\/10\/image-1.png 993w, https:\/\/hebi.sk\/wp-content\/uploads\/2023\/10\/image-1-300x197.png 300w, https:\/\/hebi.sk\/wp-content\/uploads\/2023\/10\/image-1-768x505.png 768w\" sizes=\"(max-width: 993px) 100vw, 993px\" \/><\/figure>\n\n\n\n<p>M\u00e1 \u0161pecifick\u00fd povrch (v z\u00e1vislosti od typu \u010distiarne odpadov\u00fdch v\u00f4d) 100 \u2013 200 m\u00b2\/m\u00b3.&nbsp;Nem\u00e1 \u017eiadne toxick\u00e9 alebo zistite\u013en\u00e9 chemick\u00e9 alebo fyzik\u00e1lne \u00fa\u010dinky na proces biodegrad\u00e1cie.&nbsp;Pevn\u00e9 l\u00f4\u017eko pozost\u00e1va zo stabiln\u00fdch, vertik\u00e1lne usporiadan\u00fdch, r\u00farkovit\u00fdch jednotliv\u00fdch prvkov, ktor\u00e9 s\u00fa po stran\u00e1ch priepustn\u00e9 (sie\u0165 r\u00farok) a s\u00fa na hlavov\u00fdch koncoch zvaren\u00e9 do obd\u013a\u017enikov\u00fdch blokov.&nbsp;Sie\u0165ov\u00e1 \u0161trukt\u00fara tie\u017e umo\u017e\u0148uje horizont\u00e1lne mie\u0161anie materi\u00e1lu.<\/p>\n\n\n\n<p><\/p>\n\n\n\n<p>Chceli by ste viac inform\u00e1ci\u00ed? H\u013ead\u00e1te dom\u00e1cu \u010disti\u010dku odpadov\u00fdch v\u00f4d a potrebujete \u010fal\u0161ie inform\u00e1cie?\u00a0Nev\u00e1hajte n\u00e1s kontaktova\u0165!<\/p>\n\n\n\n<div class=\"wp-block-buttons is-layout-flex wp-block-buttons-is-layout-flex\">\n<div class=\"wp-block-button\"><a class=\"wp-block-button__link wp-element-button\" href=\"https:\/\/hebi.sk\/?page_id=136\">Kontaktn\u00fd formul\u00e1r<\/a><\/div>\n<\/div>\n","protected":false},"excerpt":{"rendered":"<p>CLEARFOX\u00ae FBR Reaktor s pevn\u00fdm l\u00f4\u017ekom &#8211; Gal\u00e9ria ClearFox\u00ae FBR (reaktor s pevn\u00fdm l\u00f4\u017ekom) je biologick\u00fd proces \u010distenia odpadov\u00fdch v\u00f4d s vysok\u00fdm \u010distiacim v\u00fdkonom.&nbsp;Moduly s pevn\u00fdm l\u00f4\u017ekom s\u00fa vhodn\u00e9 na samostatn\u00e9, biologick\u00e9 \u010distenie komun\u00e1lnych odpadov\u00fdch v\u00f4d.&nbsp;Reaktor s pevn\u00fdm l\u00f4\u017ekom tie\u017e spracov\u00e1va priemyseln\u00e9 odpadov\u00e9 vody s vysok\u00fdm za\u0165a\u017een\u00edm biologicky.&nbsp;Moduly pracuj\u00fa v s\u00e9rii alebo paralelne s prietokom [&hellip;]<\/p>\n","protected":false},"author":1,"featured_media":0,"parent":0,"menu_order":0,"comment_status":"closed","ping_status":"closed","template":"","meta":{"footnotes":""},"class_list":["post-114","page","type-page","status-publish","hentry"],"_links":{"self":[{"href":"https:\/\/hebi.sk\/index.php?rest_route=\/wp\/v2\/pages\/114","targetHints":{"allow":["GET"]}}],"collection":[{"href":"https:\/\/hebi.sk\/index.php?rest_route=\/wp\/v2\/pages"}],"about":[{"href":"https:\/\/hebi.sk\/index.php?rest_route=\/wp\/v2\/types\/page"}],"author":[{"embeddable":true,"href":"https:\/\/hebi.sk\/index.php?rest_route=\/wp\/v2\/users\/1"}],"replies":[{"embeddable":true,"href":"https:\/\/hebi.sk\/index.php?rest_route=%2Fwp%2Fv2%2Fcomments&post=114"}],"version-history":[{"count":5,"href":"https:\/\/hebi.sk\/index.php?rest_route=\/wp\/v2\/pages\/114\/revisions"}],"predecessor-version":[{"id":589,"href":"https:\/\/hebi.sk\/index.php?rest_route=\/wp\/v2\/pages\/114\/revisions\/589"}],"wp:attachment":[{"href":"https:\/\/hebi.sk\/index.php?rest_route=%2Fwp%2Fv2%2Fmedia&parent=114"}],"curies":[{"name":"wp","href":"https:\/\/api.w.org\/{rel}","templated":true}]}}