{"id":102,"date":"2023-10-30T14:13:48","date_gmt":"2023-10-30T13:13:48","guid":{"rendered":"https:\/\/hebi.sk\/?page_id=102"},"modified":"2024-09-03T09:53:59","modified_gmt":"2024-09-03T07:53:59","slug":"priemyselne-cistenie-odpadovych-vod-viac-ako-1000m3-den","status":"publish","type":"page","link":"https:\/\/hebi.sk\/?page_id=102","title":{"rendered":"PRIEMYSELN\u00c9 \u010cISTENIE ODPADOV\u00ddCH V\u00d4D viac ako 1000m3\/de\u0148"},"content":{"rendered":"\n<p>Ka\u017ed\u00fd de\u0148 vznik\u00e1 ve\u013ek\u00e9 mno\u017estvo odpadov\u00fdch v\u00f4d v mnoh\u00fdch priemyseln\u00fdch odvetviach vr\u00e1tane textiln\u00e9ho priemyslu, celul\u00f3zov\u00e9ho a papierensk\u00e9ho priemyslu a ropn\u00e9ho a plyn\u00e1rensk\u00e9ho priemyslu.&nbsp;V\u010faka na\u0161im sk\u00fasenostiam s tak\u00fdmito projektmi sme schopn\u00ed prisp\u00f4sobi\u0165 na\u0161e produkty a procesn\u00e9 technol\u00f3gie tak, aby poskytovali n\u00e1kladovo efekt\u00edvne a inteligentn\u00e9 rie\u0161enia pre rozsiahle iniciat\u00edvy.<\/p>\n\n\n\n<p><strong>Zdroje<\/strong><\/p>\n\n\n\n<p>V odvetviach, ktor\u00e9 produkuj\u00fa ve\u013ek\u00e9 mno\u017estvo odpadov\u00fdch v\u00f4d, je voda \u00fastredn\u00fdm prvkom oper\u00e1ci\u00ed, ktor\u00e9 presahuj\u00fa postupy CIP (Cleaning-In-Place).&nbsp;Hlavn\u00fdmi pr\u00edkladmi s\u00fa celul\u00f3zov\u00fd a papierensk\u00fd priemysel a textiln\u00fd sektor, kde sa pri v\u00fdrobe jedn\u00e9ho odevu m\u00f4\u017ee spotrebova\u0165 viac ako 1000 litrov vody.&nbsp;Na z\u00e1klade na\u0161ich odborn\u00fdch znalost\u00ed v t\u00fdchto oblastiach pon\u00fakame rie\u0161enia \u0161it\u00e9 na mieru \u0161pecifick\u00fdm potreb\u00e1m ka\u017ed\u00e9ho odvetvia.<\/p>\n\n\n\n<p><strong>Charakteristika<\/strong><\/p>\n\n\n\n<p>Ka\u017ed\u00e1 priemyseln\u00e1 odpadov\u00e1 voda m\u00e1 svoje vlastn\u00e9 charakteristiky.&nbsp;Tieto odpadov\u00e9 vody \u010dasto obsahuj\u00fa zmes kontaminantov, ako s\u00fa vysok\u00e9 hladiny BSK a CHSK, oleje, \u0165a\u017ek\u00e9 kovy, akt\u00edvne farmaceutick\u00e9 zlo\u017eky (API) a in\u00e9 lie\u010div\u00e9 zlo\u017eky.&nbsp;Rozhodnutie pracova\u0165 s ClearFox\u00ae je v\u00fdhodn\u00e9, preto\u017ee disponujeme \u0161irokou \u0161k\u00e1lou procesn\u00fdch technol\u00f3gi\u00ed a produktov na efekt\u00edvne \u010distenie priemyseln\u00fdch odpadov\u00fdch v\u00f4d od r\u00f4znych zne\u010dis\u0165uj\u00facich l\u00e1tok. <\/p>\n\n\n\n<p><a href=\"https:\/\/hebi.sk\/?page_id=104\"><mark style=\"background-color:rgba(0, 0, 0, 0)\" class=\"has-inline-color has-primary-color\">Zisti\u0165 viac&#8230;<\/mark><\/a><\/p>\n\n\n\n<p>Chceli by ste viac inform\u00e1ci\u00ed? H\u013ead\u00e1te dom\u00e1cu \u010disti\u010dku odpadov\u00fdch v\u00f4d a potrebujete \u010fal\u0161ie inform\u00e1cie?\u00a0Nev\u00e1hajte n\u00e1s kontaktova\u0165!\u00a0<\/p>\n\n\n\n<div class=\"wp-block-buttons is-layout-flex wp-block-buttons-is-layout-flex\">\n<div class=\"wp-block-button\"><a class=\"wp-block-button__link wp-element-button\" href=\"https:\/\/hebi.sk\/?page_id=136\"><strong>Kontaktn\u00fd formul\u00e1r<\/strong><\/a><\/div>\n<\/div>\n\n\n\n<p><\/p>\n","protected":false},"excerpt":{"rendered":"<p>Ka\u017ed\u00fd de\u0148 vznik\u00e1 ve\u013ek\u00e9 mno\u017estvo odpadov\u00fdch v\u00f4d v mnoh\u00fdch priemyseln\u00fdch odvetviach vr\u00e1tane textiln\u00e9ho priemyslu, celul\u00f3zov\u00e9ho a papierensk\u00e9ho priemyslu a ropn\u00e9ho a plyn\u00e1rensk\u00e9ho priemyslu.&nbsp;V\u010faka na\u0161im sk\u00fasenostiam s tak\u00fdmito projektmi sme schopn\u00ed prisp\u00f4sobi\u0165 na\u0161e produkty a procesn\u00e9 technol\u00f3gie tak, aby poskytovali n\u00e1kladovo efekt\u00edvne a inteligentn\u00e9 rie\u0161enia pre rozsiahle iniciat\u00edvy. Zdroje V odvetviach, ktor\u00e9 produkuj\u00fa ve\u013ek\u00e9 mno\u017estvo odpadov\u00fdch [&hellip;]<\/p>\n","protected":false},"author":1,"featured_media":0,"parent":93,"menu_order":0,"comment_status":"closed","ping_status":"closed","template":"","meta":{"footnotes":""},"class_list":["post-102","page","type-page","status-publish","hentry"],"_links":{"self":[{"href":"https:\/\/hebi.sk\/index.php?rest_route=\/wp\/v2\/pages\/102","targetHints":{"allow":["GET"]}}],"collection":[{"href":"https:\/\/hebi.sk\/index.php?rest_route=\/wp\/v2\/pages"}],"about":[{"href":"https:\/\/hebi.sk\/index.php?rest_route=\/wp\/v2\/types\/page"}],"author":[{"embeddable":true,"href":"https:\/\/hebi.sk\/index.php?rest_route=\/wp\/v2\/users\/1"}],"replies":[{"embeddable":true,"href":"https:\/\/hebi.sk\/index.php?rest_route=%2Fwp%2Fv2%2Fcomments&post=102"}],"version-history":[{"count":5,"href":"https:\/\/hebi.sk\/index.php?rest_route=\/wp\/v2\/pages\/102\/revisions"}],"predecessor-version":[{"id":575,"href":"https:\/\/hebi.sk\/index.php?rest_route=\/wp\/v2\/pages\/102\/revisions\/575"}],"up":[{"embeddable":true,"href":"https:\/\/hebi.sk\/index.php?rest_route=\/wp\/v2\/pages\/93"}],"wp:attachment":[{"href":"https:\/\/hebi.sk\/index.php?rest_route=%2Fwp%2Fv2%2Fmedia&parent=102"}],"curies":[{"name":"wp","href":"https:\/\/api.w.org\/{rel}","templated":true}]}}