{"id":100,"date":"2023-10-30T14:13:10","date_gmt":"2023-10-30T13:13:10","guid":{"rendered":"https:\/\/hebi.sk\/?page_id=100"},"modified":"2024-09-03T09:57:30","modified_gmt":"2024-09-03T07:57:30","slug":"priemyselne-cistenie-odpadovych-vod-do-1000m3-den","status":"publish","type":"page","link":"https:\/\/hebi.sk\/?page_id=100","title":{"rendered":"PRIEMYSELN\u00c9 \u010cISTENIE ODPADOV\u00ddCH V\u00d4D DO 1000m3\/de\u0148"},"content":{"rendered":"\n<p>ClearFox\u00ae pon\u00faka rie\u0161enia na \u010distenie stredn\u00fdch a\u017e ve\u013ek\u00fdch prietokov odpadov\u00fdch v\u00f4d od 100 do 1000 m\u00b3\/de\u0148.&nbsp;N\u00e1\u0161 sortiment zah\u0155\u0148a \u0161tandardn\u00e9 produkty ako DAF, FBR a naklonen\u00e9 \u010disti\u010de, ktor\u00e9 \u2013 vzh\u013eadom na ich mal\u00e9 priestorov\u00e9 n\u00e1roky \u2013 bez probl\u00e9mov zapadn\u00fa do va\u0161ej spolo\u010dnosti.&nbsp;Okrem toho s na\u0161imi intern\u00fdmi procesn\u00fdmi in\u017einiermi a in\u017einierskymi t\u00edmami tie\u017e vyv\u00edjame prisp\u00f4soben\u00e9 rie\u0161enia \u0161it\u00e9 na mieru \u0161pecifick\u00fdm po\u017eiadavk\u00e1m.<\/p>\n\n\n\n<p><strong>Zdroje<\/strong><\/p>\n\n\n\n<p>Spolo\u010dnosti, ktor\u00e9 produkuj\u00fa a\u017e 1 000 m\u00b3 priemyselnej odpadovej vody denne, zah\u0155\u0148aj\u00fa v\u00e4\u010d\u0161ie tov\u00e1rne na v\u00fdrobu potrav\u00edn a n\u00e1pojov, recykla\u010dn\u00e9 spolo\u010dnosti, po\u013enohospod\u00e1rske projekty, skl\u00e1dky odpadov a \u010fal\u0161\u00ed \u0165a\u017ek\u00fd priemysel.&nbsp;Priemyseln\u00e9 odpadov\u00e9 vody vznikaj\u00fa z r\u00f4znych procesov a \u010dinnost\u00ed, ktor\u00e9 sa po vy\u010disten\u00ed vyp\u00fa\u0161\u0165aj\u00fa bu\u010f priamo alebo nepriamo.<\/p>\n\n\n\n<p><strong>Charakteristika<\/strong><\/p>\n\n\n\n<p>Ka\u017ed\u00fd typ priemyselnej odpadovej vody m\u00e1 jedine\u010dn\u00e9 vlastnosti.&nbsp;Tieto obsahuj\u00fa r\u00f4zne zne\u010dis\u0165uj\u00face l\u00e1tky, vr\u00e1tane zv\u00fd\u0161en\u00fdch hlad\u00edn BSK a CHSK, oleje, \u0165a\u017ek\u00e9 kovy, akt\u00edvne farmaceutick\u00e9 zlo\u017eky (API) a in\u00e9 lie\u010div\u00e9 zl\u00fa\u010deniny.&nbsp;Partnerstvo s ClearFox\u00ae pon\u00faka v\u00fdznamn\u00e9 v\u00fdhody, preto\u017ee m\u00e1me komplexn\u00fd rad procesn\u00fdch technol\u00f3gi\u00ed a produktov prisp\u00f4soben\u00fdch na efekt\u00edvne odstra\u0148ovanie \u0161irok\u00e9ho spektra kontaminantov z priemyseln\u00fdch odpadov\u00fdch v\u00f4d. <\/p>\n\n\n\n<p><a href=\"https:\/\/hebi.sk\/?page_id=104\"><mark style=\"background-color:rgba(0, 0, 0, 0)\" class=\"has-inline-color has-primary-color\">Zisti\u0165 viac&#8230;<\/mark><\/a><\/p>\n\n\n\n<p><\/p>\n\n\n\n<p>Chceli by ste viac inform\u00e1ci\u00ed? H\u013ead\u00e1te dom\u00e1cu \u010disti\u010dku odpadov\u00fdch v\u00f4d a potrebujete \u010fal\u0161ie inform\u00e1cie?\u00a0Nev\u00e1hajte n\u00e1s kontaktova\u0165!\u00a0<\/p>\n\n\n\n<div class=\"wp-block-buttons is-layout-flex wp-block-buttons-is-layout-flex\">\n<div class=\"wp-block-button\"><a class=\"wp-block-button__link wp-element-button\" href=\"https:\/\/hebi.sk\/?page_id=136\"><strong>Kontaktn\u00fd formul\u00e1r<\/strong><\/a><\/div>\n<\/div>\n","protected":false},"excerpt":{"rendered":"<p>ClearFox\u00ae pon\u00faka rie\u0161enia na \u010distenie stredn\u00fdch a\u017e ve\u013ek\u00fdch prietokov odpadov\u00fdch v\u00f4d od 100 do 1000 m\u00b3\/de\u0148.&nbsp;N\u00e1\u0161 sortiment zah\u0155\u0148a \u0161tandardn\u00e9 produkty ako DAF, FBR a naklonen\u00e9 \u010disti\u010de, ktor\u00e9 \u2013 vzh\u013eadom na ich mal\u00e9 priestorov\u00e9 n\u00e1roky \u2013 bez probl\u00e9mov zapadn\u00fa do va\u0161ej spolo\u010dnosti.&nbsp;Okrem toho s na\u0161imi intern\u00fdmi procesn\u00fdmi in\u017einiermi a in\u017einierskymi t\u00edmami tie\u017e vyv\u00edjame prisp\u00f4soben\u00e9 rie\u0161enia \u0161it\u00e9 [&hellip;]<\/p>\n","protected":false},"author":1,"featured_media":0,"parent":93,"menu_order":0,"comment_status":"closed","ping_status":"closed","template":"","meta":{"footnotes":""},"class_list":["post-100","page","type-page","status-publish","hentry"],"_links":{"self":[{"href":"https:\/\/hebi.sk\/index.php?rest_route=\/wp\/v2\/pages\/100","targetHints":{"allow":["GET"]}}],"collection":[{"href":"https:\/\/hebi.sk\/index.php?rest_route=\/wp\/v2\/pages"}],"about":[{"href":"https:\/\/hebi.sk\/index.php?rest_route=\/wp\/v2\/types\/page"}],"author":[{"embeddable":true,"href":"https:\/\/hebi.sk\/index.php?rest_route=\/wp\/v2\/users\/1"}],"replies":[{"embeddable":true,"href":"https:\/\/hebi.sk\/index.php?rest_route=%2Fwp%2Fv2%2Fcomments&post=100"}],"version-history":[{"count":4,"href":"https:\/\/hebi.sk\/index.php?rest_route=\/wp\/v2\/pages\/100\/revisions"}],"predecessor-version":[{"id":578,"href":"https:\/\/hebi.sk\/index.php?rest_route=\/wp\/v2\/pages\/100\/revisions\/578"}],"up":[{"embeddable":true,"href":"https:\/\/hebi.sk\/index.php?rest_route=\/wp\/v2\/pages\/93"}],"wp:attachment":[{"href":"https:\/\/hebi.sk\/index.php?rest_route=%2Fwp%2Fv2%2Fmedia&parent=100"}],"curies":[{"name":"wp","href":"https:\/\/api.w.org\/{rel}","templated":true}]}}